{"id":7146,"date":"2024-12-18T09:42:45","date_gmt":"2024-12-18T09:42:45","guid":{"rendered":"https:\/\/second-it.de\/?page_id=7146"},"modified":"2025-01-11T10:53:32","modified_gmt":"2025-01-11T09:53:32","slug":"individual-shipping","status":"publish","type":"page","link":"https:\/\/www.second-it.de\/en\/einzelversand\/","title":{"rendered":"Individual shipment"},"content":{"rendered":"<div data-elementor-type=\"wp-page\" data-elementor-id=\"7146\" class=\"elementor elementor-7146\" data-elementor-post-type=\"page\">\n\t\t\t\t<div class=\"elementor-element elementor-element-14737d1 e-con-full e-flex e-con e-parent\" data-id=\"14737d1\" data-element_type=\"container\" data-e-type=\"container\">\n\t\t<div class=\"elementor-element elementor-element-438a116 e-flex e-con-boxed e-con e-child\" data-id=\"438a116\" data-element_type=\"container\" data-e-type=\"container\">\n\t\t\t\t\t<div class=\"e-con-inner\">\n\t\t\t\t<div class=\"elementor-element elementor-element-9cb24b3 section_heading  elementor-widget elementor-widget-heading\" data-id=\"9cb24b3\" data-element_type=\"widget\" data-e-type=\"widget\" data-widget_type=\"heading.default\">\n\t\t\t\t<div class=\"elementor-widget-container\">\n\t\t\t\t\t<h2 class=\"elementor-heading-title elementor-size-default\">PROCESS RUN<\/h2>\t\t\t\t<\/div>\n\t\t\t\t<\/div>\n\t\t\t\t<div class=\"elementor-element elementor-element-01e862f elementor-widget elementor-widget-heading\" data-id=\"01e862f\" data-element_type=\"widget\" data-e-type=\"widget\" data-widget_type=\"heading.default\">\n\t\t\t\t<div class=\"elementor-widget-container\">\n\t\t\t\t\t<h2 class=\"elementor-heading-title elementor-size-default\">Step-by-step guide to using our Peli Case service for transport.<\/h2>\t\t\t\t<\/div>\n\t\t\t\t<\/div>\n\t\t\t\t\t<\/div>\n\t\t\t\t<\/div>\n\t\t<div class=\"elementor-element elementor-element-71faa71 e-flex e-con-boxed e-con e-child\" data-id=\"71faa71\" data-element_type=\"container\" data-e-type=\"container\">\n\t\t\t\t\t<div class=\"e-con-inner\">\n\t\t\t\t<div class=\"elementor-element elementor-element-42f1324 elementor-widget elementor-widget-heading\" data-id=\"42f1324\" data-element_type=\"widget\" data-e-type=\"widget\" data-widget_type=\"heading.default\">\n\t\t\t\t<div class=\"elementor-widget-container\">\n\t\t\t\t\t<h2 class=\"elementor-heading-title elementor-size-default\">1. PREPARATION FOR COLLECTION<\/h2>\t\t\t\t<\/div>\n\t\t\t\t<\/div>\n\t\t\t\t<div class=\"elementor-element elementor-element-9a54cdd test_content elementor-widget elementor-widget-text-editor\" data-id=\"9a54cdd\" data-element_type=\"widget\" data-e-type=\"widget\" data-widget_type=\"text-editor.default\">\n\t\t\t\t<div class=\"elementor-widget-container\">\n\t\t\t\t\t\t\t\t\t<p>Please note the following points when preparing for collection<\/p><ul><li>If possible, pack\/send the old appliance in its original packaging.<br \/>If you no longer have these, use the outer packaging of the new device or alternatively another box.<\/li><li>On Apple devices, make sure that the \"Find my iPhone\/iPad\" function is deactivated.<br \/><b>Depending on the iOS version, this function can be found in different places under Settings.<br \/><\/b><\/li><li>Make sure that you return the cables (power supply unit, USB charging cable, etc.) with the device<\/li><li>Pack the device in such a way that it cannot be damaged during transportation!<\/li><\/ul>\t\t\t\t\t\t\t\t<\/div>\n\t\t\t\t<\/div>\n\t\t\t\t\t<\/div>\n\t\t\t\t<\/div>\n\t\t\t\t<\/div>\n\t\t<div class=\"elementor-element elementor-element-d594d2a e-con-full box_container short e-flex e-con e-parent\" data-id=\"d594d2a\" data-element_type=\"container\" data-e-type=\"container\">\n\t\t<div class=\"elementor-element elementor-element-d8c41d9 e-flex e-con-boxed e-con e-child\" data-id=\"d8c41d9\" data-element_type=\"container\" data-e-type=\"container\">\n\t\t\t\t\t<div class=\"e-con-inner\">\n\t\t\t\t<div class=\"elementor-element elementor-element-270ae25 elementor-widget elementor-widget-heading\" data-id=\"270ae25\" data-element_type=\"widget\" data-e-type=\"widget\" data-widget_type=\"heading.default\">\n\t\t\t\t<div class=\"elementor-widget-container\">\n\t\t\t\t\t<h2 class=\"elementor-heading-title elementor-size-default\">2. REGISTRATION FOR COLLECTION<\/h2>\t\t\t\t<\/div>\n\t\t\t\t<\/div>\n\t\t<div class=\"elementor-element elementor-element-d13d3cb e-con-full e-flex e-con e-child\" data-id=\"d13d3cb\" data-element_type=\"container\" data-e-type=\"container\">\n\t\t\t\t<div class=\"elementor-element elementor-element-d332b39 elementor-widget elementor-widget-heading\" data-id=\"d332b39\" data-element_type=\"widget\" data-e-type=\"widget\" data-widget_type=\"heading.default\">\n\t\t\t\t<div class=\"elementor-widget-container\">\n\t\t\t\t\t<h2 class=\"elementor-heading-title elementor-size-default\">Fill in the form with your details on our DHL returns portal.<\/h2>\t\t\t\t<\/div>\n\t\t\t\t<\/div>\n\t\t\t\t<div class=\"elementor-element elementor-element-ecd1def elementor-widget elementor-widget-button\" data-id=\"ecd1def\" data-element_type=\"widget\" data-e-type=\"widget\" data-widget_type=\"button.default\">\n\t\t\t\t<div class=\"elementor-widget-container\">\n\t\t\t\t\t\t\t\t\t<div class=\"elementor-button-wrapper\">\n\t\t\t\t\t<a class=\"elementor-button elementor-button-link elementor-size-sm\" href=\"https:\/\/www.dhl.de\/dhl-rpi\/gw\/rpcustomerweb\/OrderAnon.action?__userlocale=DE&#038;__gwfs=4393231701487996255\">\n\t\t\t\t\t\t<span class=\"elementor-button-content-wrapper\">\n\t\t\t\t\t\t\t\t\t<span class=\"elementor-button-text\">DHL returns portal <\/span>\n\t\t\t\t\t<\/span>\n\t\t\t\t\t<\/a>\n\t\t\t\t<\/div>\n\t\t\t\t\t\t\t\t<\/div>\n\t\t\t\t<\/div>\n\t\t\t\t<div class=\"elementor-element elementor-element-37c7ba1 test_content elementor-widget elementor-widget-text-editor\" data-id=\"37c7ba1\" data-element_type=\"widget\" data-e-type=\"widget\" data-widget_type=\"text-editor.default\">\n\t\t\t\t<div class=\"elementor-widget-container\">\n\t\t\t\t\t\t\t\t\t<p>You will then receive an e-mail from DHL with the completed returns label. Please print out this label and stick it on the box containing the old appliance.<br \/>If you have not received an e-mail, please check your spam folder.<\/p>\t\t\t\t\t\t\t\t<\/div>\n\t\t\t\t<\/div>\n\t\t\t\t<\/div>\n\t\t\t\t\t<\/div>\n\t\t\t\t<\/div>\n\t\t\t\t<\/div>\n\t\t<div class=\"elementor-element elementor-element-f48c3ce e-con-full e-flex e-con e-parent\" data-id=\"f48c3ce\" data-element_type=\"container\" data-e-type=\"container\">\n\t\t<div class=\"elementor-element elementor-element-5ad38bf e-flex e-con-boxed e-con e-child\" data-id=\"5ad38bf\" data-element_type=\"container\" data-e-type=\"container\">\n\t\t\t\t\t<div class=\"e-con-inner\">\n\t\t\t\t<div class=\"elementor-element elementor-element-9d3a706 elementor-widget elementor-widget-heading\" data-id=\"9d3a706\" data-element_type=\"widget\" data-e-type=\"widget\" data-widget_type=\"heading.default\">\n\t\t\t\t<div class=\"elementor-widget-container\">\n\t\t\t\t\t<h2 class=\"elementor-heading-title elementor-size-default\">3. HANDOVER TO DHL<\/h2>\t\t\t\t<\/div>\n\t\t\t\t<\/div>\n\t\t\t\t<div class=\"elementor-element elementor-element-b23ca8e elementor-widget elementor-widget-heading\" data-id=\"b23ca8e\" data-element_type=\"widget\" data-e-type=\"widget\" data-widget_type=\"heading.default\">\n\t\t\t\t<div class=\"elementor-widget-container\">\n\t\t\t\t\t<h2 class=\"elementor-heading-title elementor-size-default\">Hand over the box with the old appliance to DHL.<\/h2>\t\t\t\t<\/div>\n\t\t\t\t<\/div>\n\t\t\t\t\t<\/div>\n\t\t\t\t<\/div>\n\t\t\t\t<\/div>\n\t\t<div class=\"elementor-element elementor-element-40ad091 e-flex e-con-boxed e-con e-parent\" data-id=\"40ad091\" data-element_type=\"container\" data-e-type=\"container\">\n\t\t\t\t\t<div class=\"e-con-inner\">\n\t\t<div class=\"elementor-element elementor-element-095c385 contact_section e-flex e-con-boxed e-con e-child\" data-id=\"095c385\" data-element_type=\"container\" data-e-type=\"container\" data-settings=\"{&quot;background_background&quot;:&quot;classic&quot;}\">\n\t\t\t\t\t<div class=\"e-con-inner\">\n\t\t\t\t<div class=\"elementor-element elementor-element-a1da67d elementor-widget elementor-widget-heading\" data-id=\"a1da67d\" data-element_type=\"widget\" data-e-type=\"widget\" data-widget_type=\"heading.default\">\n\t\t\t\t<div class=\"elementor-widget-container\">\n\t\t\t\t\t<h2 class=\"elementor-heading-title elementor-size-default\">contact now<\/h2>\t\t\t\t<\/div>\n\t\t\t\t<\/div>\n\t\t\t\t<div class=\"elementor-element elementor-element-a515441 elementor-widget elementor-widget-heading\" data-id=\"a515441\" data-element_type=\"widget\" data-e-type=\"widget\" data-widget_type=\"heading.default\">\n\t\t\t\t<div class=\"elementor-widget-container\">\n\t\t\t\t\t<p class=\"elementor-heading-title elementor-size-default\">Simply contact us by phone, e-mail or visit us on site.<\/p>\t\t\t\t<\/div>\n\t\t\t\t<\/div>\n\t\t<div class=\"elementor-element elementor-element-fe1015f e-flex e-con-boxed e-con e-child\" data-id=\"fe1015f\" data-element_type=\"container\" data-e-type=\"container\">\n\t\t\t\t\t<div class=\"e-con-inner\">\n\t\t\t\t<div class=\"elementor-element elementor-element-9e02118 elementor-position-inline-start icon_card_r elementor-view-default elementor-mobile-position-block-start elementor-widget elementor-widget-icon-box\" data-id=\"9e02118\" data-element_type=\"widget\" data-e-type=\"widget\" data-widget_type=\"icon-box.default\">\n\t\t\t\t<div class=\"elementor-widget-container\">\n\t\t\t\t\t\t\t<div class=\"elementor-icon-box-wrapper\">\n\n\t\t\t\t\t\t<div class=\"elementor-icon-box-icon\">\n\t\t\t\t<a href=\"tel:+%2049%20(0)%20791%20954%20000-0\" class=\"elementor-icon\" tabindex=\"-1\" aria-label=\"+ 49 (0) 791 954 000-0\">\n\t\t\t\t<i aria-hidden=\"true\" class=\"secondit secondit-tab\"><\/i>\t\t\t\t<\/a>\n\t\t\t<\/div>\n\t\t\t\n\t\t\t\t\t\t<div class=\"elementor-icon-box-content\">\n\n\t\t\t\t\t\t\t\t\t<h4 class=\"elementor-icon-box-title\">\n\t\t\t\t\t\t<a href=\"tel:+%2049%20(0)%20791%20954%20000-0\" >\n\t\t\t\t\t\t\t+ 49 (0) 791 954 000-0\t\t\t\t\t\t<\/a>\n\t\t\t\t\t<\/h4>\n\t\t\t\t\n\t\t\t\t\n\t\t\t<\/div>\n\t\t\t\n\t\t<\/div>\n\t\t\t\t\t\t<\/div>\n\t\t\t\t<\/div>\n\t\t\t\t<div class=\"elementor-element elementor-element-a1bffb8 elementor-position-inline-start icon_card_r elementor-view-default elementor-mobile-position-block-start elementor-widget elementor-widget-icon-box\" data-id=\"a1bffb8\" data-element_type=\"widget\" data-e-type=\"widget\" data-widget_type=\"icon-box.default\">\n\t\t\t\t<div class=\"elementor-widget-container\">\n\t\t\t\t\t\t\t<div class=\"elementor-icon-box-wrapper\">\n\n\t\t\t\t\t\t<div class=\"elementor-icon-box-icon\">\n\t\t\t\t<a href=\"mailto:info@second-it.de\" class=\"elementor-icon\" tabindex=\"-1\" aria-label=\"info@second-it.de\">\n\t\t\t\t<i aria-hidden=\"true\" class=\"secondit secondit-envolop\"><\/i>\t\t\t\t<\/a>\n\t\t\t<\/div>\n\t\t\t\n\t\t\t\t\t\t<div class=\"elementor-icon-box-content\">\n\n\t\t\t\t\t\t\t\t\t<h4 class=\"elementor-icon-box-title\">\n\t\t\t\t\t\t<a href=\"mailto:info@second-it.de\" >\n\t\t\t\t\t\t\tinfo@second-it.de\t\t\t\t\t\t<\/a>\n\t\t\t\t\t<\/h4>\n\t\t\t\t\n\t\t\t\t\n\t\t\t<\/div>\n\t\t\t\n\t\t<\/div>\n\t\t\t\t\t\t<\/div>\n\t\t\t\t<\/div>\n\t\t\t\t<div class=\"elementor-element elementor-element-858e177 elementor-position-inline-start icon_card_r elementor-view-default elementor-mobile-position-block-start elementor-widget elementor-widget-icon-box\" data-id=\"858e177\" data-element_type=\"widget\" data-e-type=\"widget\" data-widget_type=\"icon-box.default\">\n\t\t\t\t<div class=\"elementor-widget-container\">\n\t\t\t\t\t\t\t<div class=\"elementor-icon-box-wrapper\">\n\n\t\t\t\t\t\t<div class=\"elementor-icon-box-icon\">\n\t\t\t\t<a href=\"https:\/\/www.second-it.de\/en\/standorte\/\" class=\"elementor-icon\" tabindex=\"-1\" aria-label=\"Locations\">\n\t\t\t\t<i aria-hidden=\"true\" class=\"secondit secondit-pin\"><\/i>\t\t\t\t<\/a>\n\t\t\t<\/div>\n\t\t\t\n\t\t\t\t\t\t<div class=\"elementor-icon-box-content\">\n\n\t\t\t\t\t\t\t\t\t<h4 class=\"elementor-icon-box-title\">\n\t\t\t\t\t\t<a href=\"https:\/\/www.second-it.de\/en\/standorte\/\" >\n\t\t\t\t\t\t\tLocations\t\t\t\t\t\t<\/a>\n\t\t\t\t\t<\/h4>\n\t\t\t\t\n\t\t\t\t\n\t\t\t<\/div>\n\t\t\t\n\t\t<\/div>\n\t\t\t\t\t\t<\/div>\n\t\t\t\t<\/div>\n\t\t\t\t\t<\/div>\n\t\t\t\t<\/div>\n\t\t\t\t\t<\/div>\n\t\t\t\t<\/div>\n\t\t\t\t\t<\/div>\n\t\t\t\t<\/div>\n\t\t\t\t<\/div>","protected":false},"excerpt":{"rendered":"<p>PROZESSABLAUF Step-by-step guide to using our Peli Case service for transport. 1. VORBEREITUNG ZUR ABHOLUNG Bitte beachten Sie zwingend folgende Punkte f\u00fcr die Vorbereitung zur Abholung Verpacken\/Versenden Sie das Alt-Ger\u00e4t wenn m\u00f6glich in der Originalverpackung.Sollten Sie diese nicht mehr haben, verwenden Sie die Umverpackung des Neuger\u00e4ts oder alternativ einen anderen Karton. Vergewissern Sie sich bei [&hellip;]<\/p>\n","protected":false},"author":2,"featured_media":0,"parent":0,"menu_order":9,"comment_status":"closed","ping_status":"closed","template":"elementor_header_footer","meta":{"_acf_changed":false,"footnotes":""},"class_list":["post-7146","page","type-page","status-publish","hentry"],"acf":[],"yoast_head":"<!-- This site is optimized with the Yoast SEO plugin v27.1.1 - https:\/\/yoast.com\/product\/yoast-seo-wordpress\/ -->\n<title>Einzelversand | Second IT \u2013 Sicherer Versand leicht gemacht<\/title>\n<meta name=\"description\" content=\"Erfahren Sie, wie der Einzelversand bei Second IT funktioniert. Verpackungstipps, DHL-Retourenportal und sicherer Transport f\u00fcr Ihre IT-Ger\u00e4te.\" \/>\n<meta name=\"robots\" content=\"index, follow, max-snippet:-1, max-image-preview:large, max-video-preview:-1\" \/>\n<link rel=\"canonical\" href=\"https:\/\/www.second-it.de\/en\/individual-shipping\/\" \/>\n<meta property=\"og:locale\" content=\"en_US\" \/>\n<meta property=\"og:type\" content=\"article\" \/>\n<meta property=\"og:title\" content=\"Einzelversand | Second IT \u2013 Sicherer Versand leicht gemacht\" \/>\n<meta property=\"og:description\" content=\"Erfahren Sie, wie der Einzelversand bei Second IT funktioniert. Verpackungstipps, DHL-Retourenportal und sicherer Transport f\u00fcr Ihre IT-Ger\u00e4te.\" \/>\n<meta property=\"og:url\" content=\"https:\/\/www.second-it.de\/en\/individual-shipping\/\" \/>\n<meta property=\"og:site_name\" content=\"Second IT Remarketing\" \/>\n<meta property=\"article:modified_time\" content=\"2025-01-11T09:53:32+00:00\" \/>\n<meta name=\"twitter:card\" content=\"summary_large_image\" \/>\n<meta name=\"twitter:label1\" content=\"Est. reading time\" \/>\n\t<meta name=\"twitter:data1\" content=\"1 minute\" \/>\n<script type=\"application\/ld+json\" class=\"yoast-schema-graph\">{\"@context\":\"https:\/\/schema.org\",\"@graph\":[{\"@type\":\"WebPage\",\"@id\":\"https:\/\/www.second-it.de\/einzelversand\/\",\"url\":\"https:\/\/www.second-it.de\/einzelversand\/\",\"name\":\"Einzelversand | Second IT \u2013 Sicherer Versand leicht gemacht\",\"isPartOf\":{\"@id\":\"https:\/\/www.second-it.de\/#website\"},\"datePublished\":\"2024-12-18T09:42:45+00:00\",\"dateModified\":\"2025-01-11T09:53:32+00:00\",\"description\":\"Erfahren Sie, wie der Einzelversand bei Second IT funktioniert. Verpackungstipps, DHL-Retourenportal und sicherer Transport f\u00fcr Ihre IT-Ger\u00e4te.\",\"breadcrumb\":{\"@id\":\"https:\/\/www.second-it.de\/einzelversand\/#breadcrumb\"},\"inLanguage\":\"en-US\",\"potentialAction\":[{\"@type\":\"ReadAction\",\"target\":[\"https:\/\/www.second-it.de\/einzelversand\/\"]}]},{\"@type\":\"BreadcrumbList\",\"@id\":\"https:\/\/www.second-it.de\/einzelversand\/#breadcrumb\",\"itemListElement\":[{\"@type\":\"ListItem\",\"position\":1,\"name\":\"Home\",\"item\":\"https:\/\/www.second-it.de\/\"},{\"@type\":\"ListItem\",\"position\":2,\"name\":\"Einzelversand\"}]},{\"@type\":\"WebSite\",\"@id\":\"https:\/\/www.second-it.de\/#website\",\"url\":\"https:\/\/www.second-it.de\/\",\"name\":\"www.second-it.de\",\"description\":\"IT-Ankauf, Refurbishing und DSGVO-konforme Datenl\u00f6schung.\",\"publisher\":{\"@id\":\"https:\/\/www.second-it.de\/#organization\"},\"potentialAction\":[{\"@type\":\"SearchAction\",\"target\":{\"@type\":\"EntryPoint\",\"urlTemplate\":\"https:\/\/www.second-it.de\/?s={search_term_string}\"},\"query-input\":{\"@type\":\"PropertyValueSpecification\",\"valueRequired\":true,\"valueName\":\"search_term_string\"}}],\"inLanguage\":\"en-US\"},{\"@type\":\"Organization\",\"@id\":\"https:\/\/www.second-it.de\/#organization\",\"name\":\"Second IT Store GmbH\",\"url\":\"https:\/\/www.second-it.de\/\",\"logo\":{\"@type\":\"ImageObject\",\"inLanguage\":\"en-US\",\"@id\":\"https:\/\/www.second-it.de\/#\/schema\/logo\/image\/\",\"url\":\"https:\/\/www.second-it.de\/wp-content\/uploads\/2024\/07\/secondit-logo.svg\",\"contentUrl\":\"https:\/\/www.second-it.de\/wp-content\/uploads\/2024\/07\/secondit-logo.svg\",\"width\":212,\"height\":24,\"caption\":\"Second IT Store GmbH\"},\"image\":{\"@id\":\"https:\/\/www.second-it.de\/#\/schema\/logo\/image\/\"}}]}<\/script>\n<!-- \/ Yoast SEO plugin. -->","yoast_head_json":{"title":"Individual shipping | Second IT - Secure shipping made easy","description":"Find out how individual shipping works at Second IT. Packaging tips, DHL returns portal and secure transportation for your IT devices.","robots":{"index":"index","follow":"follow","max-snippet":"max-snippet:-1","max-image-preview":"max-image-preview:large","max-video-preview":"max-video-preview:-1"},"canonical":"https:\/\/www.second-it.de\/en\/individual-shipping\/","og_locale":"en_US","og_type":"article","og_title":"Einzelversand | Second IT \u2013 Sicherer Versand leicht gemacht","og_description":"Erfahren Sie, wie der Einzelversand bei Second IT funktioniert. Verpackungstipps, DHL-Retourenportal und sicherer Transport f\u00fcr Ihre IT-Ger\u00e4te.","og_url":"https:\/\/www.second-it.de\/en\/individual-shipping\/","og_site_name":"Second IT Remarketing","article_modified_time":"2025-01-11T09:53:32+00:00","twitter_card":"summary_large_image","twitter_misc":{"Est. reading time":"1 minute"},"schema":{"@context":"https:\/\/schema.org","@graph":[{"@type":"WebPage","@id":"https:\/\/www.second-it.de\/einzelversand\/","url":"https:\/\/www.second-it.de\/einzelversand\/","name":"Individual shipping | Second IT - Secure shipping made easy","isPartOf":{"@id":"https:\/\/www.second-it.de\/#website"},"datePublished":"2024-12-18T09:42:45+00:00","dateModified":"2025-01-11T09:53:32+00:00","description":"Find out how individual shipping works at Second IT. Packaging tips, DHL returns portal and secure transportation for your IT devices.","breadcrumb":{"@id":"https:\/\/www.second-it.de\/einzelversand\/#breadcrumb"},"inLanguage":"en-US","potentialAction":[{"@type":"ReadAction","target":["https:\/\/www.second-it.de\/einzelversand\/"]}]},{"@type":"BreadcrumbList","@id":"https:\/\/www.second-it.de\/einzelversand\/#breadcrumb","itemListElement":[{"@type":"ListItem","position":1,"name":"Home","item":"https:\/\/www.second-it.de\/"},{"@type":"ListItem","position":2,"name":"Einzelversand"}]},{"@type":"WebSite","@id":"https:\/\/www.second-it.de\/#website","url":"https:\/\/www.second-it.de\/","name":"www.second-it.de","description":"IT purchase, refurbishing and GDPR-compliant data erasure.","publisher":{"@id":"https:\/\/www.second-it.de\/#organization"},"potentialAction":[{"@type":"SearchAction","target":{"@type":"EntryPoint","urlTemplate":"https:\/\/www.second-it.de\/?s={search_term_string}"},"query-input":{"@type":"PropertyValueSpecification","valueRequired":true,"valueName":"search_term_string"}}],"inLanguage":"en-US"},{"@type":"Organization","@id":"https:\/\/www.second-it.de\/#organization","name":"Second IT Store GmbH","url":"https:\/\/www.second-it.de\/","logo":{"@type":"ImageObject","inLanguage":"en-US","@id":"https:\/\/www.second-it.de\/#\/schema\/logo\/image\/","url":"https:\/\/www.second-it.de\/wp-content\/uploads\/2024\/07\/secondit-logo.svg","contentUrl":"https:\/\/www.second-it.de\/wp-content\/uploads\/2024\/07\/secondit-logo.svg","width":212,"height":24,"caption":"Second IT Store GmbH"},"image":{"@id":"https:\/\/www.second-it.de\/#\/schema\/logo\/image\/"}}]}},"jetpack_sharing_enabled":true,"_links":{"self":[{"href":"https:\/\/www.second-it.de\/en\/wp-json\/wp\/v2\/pages\/7146","targetHints":{"allow":["GET"]}}],"collection":[{"href":"https:\/\/www.second-it.de\/en\/wp-json\/wp\/v2\/pages"}],"about":[{"href":"https:\/\/www.second-it.de\/en\/wp-json\/wp\/v2\/types\/page"}],"author":[{"embeddable":true,"href":"https:\/\/www.second-it.de\/en\/wp-json\/wp\/v2\/users\/2"}],"replies":[{"embeddable":true,"href":"https:\/\/www.second-it.de\/en\/wp-json\/wp\/v2\/comments?post=7146"}],"version-history":[{"count":1,"href":"https:\/\/www.second-it.de\/en\/wp-json\/wp\/v2\/pages\/7146\/revisions"}],"predecessor-version":[{"id":11720,"href":"https:\/\/www.second-it.de\/en\/wp-json\/wp\/v2\/pages\/7146\/revisions\/11720"}],"wp:attachment":[{"href":"https:\/\/www.second-it.de\/en\/wp-json\/wp\/v2\/media?parent=7146"}],"curies":[{"name":"wp","href":"https:\/\/api.w.org\/{rel}","templated":true}]}}